{"id":450,"date":"2017-08-14T07:07:36","date_gmt":"2017-08-14T05:07:36","guid":{"rendered":"https:\/\/www.duits.de\/vaklokaal\/?page_id=450"},"modified":"2017-08-14T07:19:55","modified_gmt":"2017-08-14T05:19:55","slug":"tips-eindexamen-lezen","status":"publish","type":"page","link":"https:\/\/www.duits.de\/vaklokaal\/lezen\/tips-eindexamen-lezen\/","title":{"rendered":"TIPS eindexamen lezen"},"content":{"rendered":"<h4><img data-attachment-id=\"441\" data-permalink=\"https:\/\/www.duits.de\/vaklokaal\/lezen\/tips-leesvaardigheid\/lezen222\/\" data-orig-file=\"https:\/\/i0.wp.com\/www.duits.de\/vaklokaal\/wp-content\/uploads\/2017\/08\/lezen222.jpg?fit=100%2C100&amp;ssl=1\" data-orig-size=\"100,100\" data-comments-opened=\"1\" data-image-meta=\"{&quot;aperture&quot;:&quot;0&quot;,&quot;credit&quot;:&quot;&quot;,&quot;camera&quot;:&quot;&quot;,&quot;caption&quot;:&quot;&quot;,&quot;created_timestamp&quot;:&quot;0&quot;,&quot;copyright&quot;:&quot;&quot;,&quot;focal_length&quot;:&quot;0&quot;,&quot;iso&quot;:&quot;0&quot;,&quot;shutter_speed&quot;:&quot;0&quot;,&quot;title&quot;:&quot;&quot;,&quot;orientation&quot;:&quot;0&quot;}\" data-image-title=\"lezen222\" data-image-description=\"\" data-image-caption=\"\" data-medium-file=\"https:\/\/i0.wp.com\/www.duits.de\/vaklokaal\/wp-content\/uploads\/2017\/08\/lezen222.jpg?fit=100%2C100&amp;ssl=1\" data-large-file=\"https:\/\/i0.wp.com\/www.duits.de\/vaklokaal\/wp-content\/uploads\/2017\/08\/lezen222.jpg?fit=100%2C100&amp;ssl=1\" loading=\"lazy\" class=\"alignright size-full wp-image-441\" src=\"https:\/\/i0.wp.com\/www.duits.de\/vaklokaal\/wp-content\/uploads\/2017\/08\/lezen222.jpg?resize=100%2C100&#038;ssl=1\" alt=\"\" width=\"100\" height=\"100\" data-recalc-dims=\"1\" \/>Maak oefenkilometers en oefen je concentratie<\/h4>\n<ul>\n<li>Op <a href=\"http:\/\/www.examenblad.nl\" target=\"_blank\" rel=\"noopener\">www.examenblad.nl<\/a> kun je oefenen met oude examens.<\/li>\n<li>Oefen op een manier die iets oplevert: Alleen als je bij elk verkeerd antwoord ECHT uitzoekt hoe het zit en vooral: hoe je naar het juiste antwoord kunt komen leer je er iets van.<\/li>\n<li>Oefen ook met jezelf steeds langer concentreren. Het examen duurt op HAVO en VWO 2,5 uur op het VMBO-GL en TL 2 uur., VMBO KB: 1,5 uur.<\/li>\n<\/ul>\n<h4>Slim omgaan met je tijd &#8211; oefenen met je tempo<\/h4>\n<ul>\n<li>Op HAVO en VWO kun je ca. 13 teksten verwachten en ca. 42 vragen. Je hebt gemiddeld 3,5 minuut per vraag. Als je nog wat controletijd (ca. 15 minuten) over wilt houden heb je ongeveer 3 minuten per vraag.<\/li>\n<li>Oefen in het begin nog niet op tijd, meet later hoe lang je over de vragen doet.<\/li>\n<li>Probeer controletijd na afloop vrij te houden. Daarin kun je dan twijfelvragen nog eens bekijken.<\/li>\n<li>Je hebt altijd vragen waar je enorm twijfelt over het antwoord. Vul ze altijd toch meteen in. Kom je aan het einde in tijdnood, dan heb je de vraag in elk geval beantwoord.<\/li>\n<li>Kom je in tijdnood? Moet je dingen gaan overslaan? Kies dan voor teksten met meerdere vragen en meerdere punten. Dat levert je meer op dan<\/li>\n<\/ul>\n<h4>Leer je woordenboek goed kennen<\/h4>\n<ul>\n<li>Tijdens je examen mag je woordenboeken Nederlands-Duits, Duits-Nederlands en Nederlands meenemen. Als bijvoorbeeld Pools je moedertaal is, maar je ook een woordenboek Duits-Pools gebruiken.<\/li>\n<li>In je woordenboek wordt met codes zoals ~en afkortingen gewerkt. Lees de gebruiksaanwijzing in je woordenboek goed door, dan zie je dat er meer informatie in staat dan je dacht.<\/li>\n<li><strong>Voorkom dat je tijdens het examen voor het eerst ervaring opdoet met je papieren woordenboek.<\/strong><br \/>\nWerk daarom tijdens het oefenen met je <em>papieren<\/em> woordenboek en leer belangrijke woorden (woorden waarvan je denkt dat ze vaker terug zullen komen) weer terug.<\/li>\n<\/ul>\n<h4>Meerkeuze vragen<\/h4>\n<ol>\n<li>Meestal zijn er van de antwoorden een paar klinkklare onzin en de andere lijken erg op elkaar.<\/li>\n<li>Om je te misleiden, staat er soms ook een antwoord in, dat lijkt op iets wat in de tekst staat, maar juist het tegendeel is van de vraag.<\/li>\n<li>Meestal is &#8220;wegstrepen&#8221; en telkens heen en weer kijken tussen tekst en vraag de manier.<\/li>\n<li>Lees niet meteen de antwoordopties, maar probeer in gedachten eerst zelf het antwoord zelf te bedenken. Dat zorgt er voor dat je minder snel een antwoord kiest alleen omdat je die ene antwoordoptie zo logisch vindt klinken of goed begrijpt.<\/li>\n<li>Vaak staan er in de antwoordopties dingen die op zich best kloppen, maar die niet het antwoord op de vraag zijn.<\/li>\n<\/ol>\n<h4>Open vragen<\/h4>\n<ol>\n<li><strong>Schrijf leesbaar\u00a0<\/strong><br \/>\nMisschien kan je docent je handschrift wel aardig lezen, dat wil nog niet zeggen dat de tweede corrector (= docent van andere school die het examenwerk ook nakijkt) dat kan. Wat onleesbaar is, is fout.<\/li>\n<li><strong>De vraag zorgvuldig lezen\u00a0<\/strong><br \/>\nAls er bijvoorbeeld gevraagd wordt, &#8220;hoeveel argumenten er in een alinea genoemd worden&#8221;, moet je dus een getal opschrijven en niet de argumenten zelf! Zorgvuldigheid dus!<\/li>\n<li><strong>De open vragen in het Nederlands beantwoorden, tenzij er staat &#8220;citeer&#8221;<\/strong><br \/>\nAlleen dan moet je iets letterlijk uit de tekst overnemen, zonder te vertalen.<\/li>\n<li><strong>Kijk uit met een stukje Duits citeren in je Nederlandse antwoord.\u00a0<\/strong><br \/>\nAls je bijvoorbeeld schrijft &#8220;De &#8216;Bildungspolitiker&#8217; zijn het er niet mee eens.&#8221; lijkt het alsof je niet weet wat het woord <em>Bildungspolitiker<\/em> betekent en het dan maar tussen aanhalingstekens overneemt. Je antwoord moet daardoor fout gerekend worden: Het is niet duidelijk wat je nu wel of niet begrijpt.<\/li>\n<li><strong>Als er staat &#8220;wat wordt er bedoeld met xxxxxx&#8221; is het NIET de bedoeling dat je volstaat met xxxxxx te vertalen en het daar bij te laten.\u00a0<\/strong><br \/>\nJe zult het even moeten uitleggen, wat het betekent in de samenhang van de tekst.<\/li>\n<li><strong>Pas op met vage verwijzingen als &#8220;ze&#8221;of &#8220;het&#8221; enz.\u00a0<\/strong><br \/>\nSchrijf dus niet als antwoord &#8220;Ze zijn het er niet mee eens!&#8221; (Wie dan? Waarmee?). Of: &#8220;Het is een goed idee&#8221; (w\u00e0t is een goed idee?). Wees concreet!<\/li>\n<li><strong>Ga niet &#8220;zwammen&#8221; als je \u00e9\u00e9n antwoord (bijv. \u00e9\u00e9n argument) moet geven.\u00a0<\/strong><br \/>\nVaak staat er in de nakijk-instructie voor de docent dat hij\/zij alleen het eerstgegeven antwoord-item moet nakijken. Als jij dus met een heel verhaal komt, waarin het goede antwoord ergens in het midden of aan het eind staat heb je pech. Dit is dus duidelijk anders dan vakken als economie, aardrijkskunde of maatschappijleer!<\/li>\n<li><strong>Schrijf geen dingen tussen haakjes in of achter je antwoord.\u00a0<\/strong><br \/>\nBijvoorbeeld: &#8220;De politici (auteurs) zijn het eens met deze analyse (meestal).&#8221; Gaat het nu om politici of auteurs? Zijn ze het nu eens of niet? Vaak spreek je je eigen antwoord tegen door wat je tussen haakjes zegt. Logisch, want je twijfelt vaak. Maar bij het antwoorden moet je een keuze maken en er geen meerkeuze-vraag van maken voor degene die het moet nakijken!<\/li>\n<\/ol>\n<h4>Gatentekstvragen = voorspellend lezen<\/h4>\n<ul>\n<li>Niet meteen naar de antwoorden kijken, maar eerst een stukje voor en na het \u201cgat\u201d lezen en voor jezelf in het Nederlands vertalen.\u00a0Terwijl je het stukje in het Nederlands leest je afvragen wat je in het Nederlands hier in zou vullen. Dan pas naar de antwoordopties kijken en beslissen wat past.<\/li>\n<\/ul>\n<h4>Kun je er iets voor leren?<\/h4>\n<ul>\n<li>Ja, signaalwoorden en typische tekstwoorden (zoals <em>weil, w\u00e4hrend, trotz<\/em> enz.)\u00a0en tekstzinnen (<em>Was geht aus diesem Absatz hervor<\/em>).<\/li>\n<\/ul>\n","protected":false},"excerpt":{"rendered":"<p>Maak oefenkilometers en oefen je concentratie Op www.examenblad.nl kun je oefenen met oude examens. Oefen op een manier die iets oplevert: Alleen als je bij elk verkeerd antwoord ECHT uitzoekt hoe het zit en vooral: hoe je naar het juiste<\/p>\n","protected":false},"author":1,"featured_media":0,"parent":79,"menu_order":0,"comment_status":"closed","ping_status":"closed","template":"","meta":{"jetpack_post_was_ever_published":false},"jetpack_sharing_enabled":true,"jetpack_shortlink":"https:\/\/wp.me\/P94ePm-7g","jetpack-related-posts":[{"id":1171,"url":"https:\/\/www.duits.de\/vaklokaal\/oefenen\/","url_meta":{"origin":450,"position":0},"title":"OEFENEN","date":"29. augustus 2017","format":false,"excerpt":"\u00a0DEZE PAGINA GROEIT ALS KOOL - Kom vaak terug, en je ziet het aantal oefeningen groeien! TIP: Op de website van Oscar Romero talen kun je ook veel oefeningen vinden Ik wil oefenen met... Werkwoorden Naamvallen & voorzetsels Persoonlijk voornaamwoord Woordenschat Spreken &\u00a0uitspraak Luisteren \u00a0 \u00a0 WERKWOORDEN \u00a0wie schwer? \u00a0uitleg\u2026","rel":"","context":"Soortgelijk bericht","img":{"alt_text":"","src":"","width":0,"height":0},"classes":[]},{"id":426,"url":"https:\/\/www.duits.de\/vaklokaal\/lezen\/tips-leesvaardigheid\/","url_meta":{"origin":450,"position":1},"title":"Tips leesvaardigheid","date":"13. augustus 2017","format":false,"excerpt":"Oefen regelmatig. Het is heel normaal dat je niet in \u00e9\u00e9n keer alles snapt. \u00a0 Alles beetjes helpen: dus ook Duitse ondertiteling meelezen, songtexten lezen, enzovoort. \u00a0 \u201cIk had 16 fout. Nou, volgende tekst beter\u201d - Beslissend is \u2013 zoals altijd bij het leren \u2013 niet zozeer hoeveel fouten je\u2026","rel":"","context":"Soortgelijk bericht","img":{"alt_text":"","src":"","width":0,"height":0},"classes":[]},{"id":466,"url":"https:\/\/www.duits.de\/vaklokaal\/sprechen\/presentatie-voorbereiden\/","url_meta":{"origin":450,"position":2},"title":"Presentatie voorbereiden","date":"14. augustus 2017","format":false,"excerpt":"Hoe bereid je een presentatie voor? Hier een paar tips Onderwerp bedenken \/ bronnen vinden Kies een onderwerp dat ECHT je belangstelling heeft. Kijk eens rond op deze site bij\u00a0Landeskunde Ga er over lezen en bekijk YouTube filmpjes VOORdat je je onderwerp vastlegt.\u00a0Kies je onderwerp niet te snel, \"om dan\u2026","rel":"","context":"Soortgelijk bericht","img":{"alt_text":"","src":"","width":0,"height":0},"classes":[]},{"id":4,"url":"https:\/\/www.duits.de\/vaklokaal\/sprechen\/uitspraak\/","url_meta":{"origin":450,"position":3},"title":"Uitspraak oefenen","date":"11. juli 2017","format":false,"excerpt":"De Duitse uitspraak is voor ons Nederlanders niet zo moeilijk.\u00a0Als je op een paar dingen let - en als je er aan gewend bent - spreek je al snel prima Duits!\u00a0Doe er wel je best op, want als je telkens weer opvallende fouten maakt, leidt dat je gesprekspartner natuurlijk nogal\u2026","rel":"","context":"Soortgelijk bericht","img":{"alt_text":"","src":"","width":0,"height":0},"classes":[]},{"id":1153,"url":"https:\/\/www.duits.de\/vaklokaal\/wortschatz\/wrts-woordenlijsten\/","url_meta":{"origin":450,"position":4},"title":"WRTS woordenlijsten","date":"28. augustus 2017","format":false,"excerpt":"Hier kun je woordenlijsten vinden die mijn leerlingen gebruiken op school, maar misschien vind jij ze ook wel handig? Herhaling van de beginnerswoordenschat uit klas 2 (dus: herhaling van de belangrijkste woorden uit je eerste leerjaar Duits) Handig als je na de vakantie weer even je beginners-Duits wilt opfrissen Grundwortschatz\u2026","rel":"","context":"Soortgelijk bericht","img":{"alt_text":"","src":"","width":0,"height":0},"classes":[]},{"id":269,"url":"https:\/\/www.duits.de\/vaklokaal\/sprechen\/spreekbeurtzinnen\/","url_meta":{"origin":450,"position":5},"title":"Spreekbeurtzinnen","date":"12. augustus 2017","format":false,"excerpt":"Als je een spreekbeurt geeft gebruik je vaak van die standaardzinnetjes, zoals: \"Mijn presentatie gaat over\" en \"Ik wil eerst iets vertellen over\". Hier kun je met die zinnen oefenen. Zo kun je je jezelf overhoren: Houd je muis stil op de zin, dan zie je de Duitse vertaling! Bedenk\u2026","rel":"","context":"Soortgelijk bericht","img":{"alt_text":"","src":"","width":0,"height":0},"classes":[]}],"_links":{"self":[{"href":"https:\/\/www.duits.de\/vaklokaal\/wp-json\/wp\/v2\/pages\/450"}],"collection":[{"href":"https:\/\/www.duits.de\/vaklokaal\/wp-json\/wp\/v2\/pages"}],"about":[{"href":"https:\/\/www.duits.de\/vaklokaal\/wp-json\/wp\/v2\/types\/page"}],"author":[{"embeddable":true,"href":"https:\/\/www.duits.de\/vaklokaal\/wp-json\/wp\/v2\/users\/1"}],"replies":[{"embeddable":true,"href":"https:\/\/www.duits.de\/vaklokaal\/wp-json\/wp\/v2\/comments?post=450"}],"version-history":[{"count":6,"href":"https:\/\/www.duits.de\/vaklokaal\/wp-json\/wp\/v2\/pages\/450\/revisions"}],"predecessor-version":[{"id":456,"href":"https:\/\/www.duits.de\/vaklokaal\/wp-json\/wp\/v2\/pages\/450\/revisions\/456"}],"up":[{"embeddable":true,"href":"https:\/\/www.duits.de\/vaklokaal\/wp-json\/wp\/v2\/pages\/79"}],"wp:attachment":[{"href":"https:\/\/www.duits.de\/vaklokaal\/wp-json\/wp\/v2\/media?parent=450"}],"curies":[{"name":"wp","href":"https:\/\/api.w.org\/{rel}","templated":true}]}}