{"id":417,"date":"2017-08-13T18:31:18","date_gmt":"2017-08-13T16:31:18","guid":{"rendered":"https:\/\/www.duits.de\/vaklokaal\/?page_id=417"},"modified":"2022-08-21T09:39:28","modified_gmt":"2022-08-21T07:39:28","slug":"hoe-doe-ik-uaos","status":"publish","type":"page","link":"https:\/\/www.duits.de\/vaklokaal\/hoe-doe-ik-uaos\/","title":{"rendered":"HOE DOE IK \u00fc\/\u00e4\/\u00f6\/\u00df?"},"content":{"rendered":"<h4>Hoe krijg ik die &#8220;puntjes&#8221; (Umlaute ) en die \u00df op mijn computer?<\/h4>\n<p><strong>Meestal werkt het volgende:<\/strong><\/p>\n<p><strong>\u00e4<\/strong> = SHIFT en &#8221; tegelijk indrukken. Daarna loslaten en de a typen.<\/p>\n<p><strong>\u00f6<\/strong> = SHIFT en &#8221; tegelijk indrukken. Daarna loslaten en de o typen.<\/p>\n<p><strong>\u00fc<\/strong> = SHIFT en &#8221; tegelijk indrukken. Daarna loslaten en de u typen.<\/p>\n<p><strong>\u00df<\/strong> = <strong>rechter ALT-knop<\/strong> <strong>tegelijk met de letter s<\/strong> indrukken<\/p>\n<p>Hoofdletter \u00c4\/\u00d6\/\u00dc = <strong>SHIFT<\/strong> en <strong>&#8220;<\/strong> tegelijk indrukken. Daarna loslaten en dan SHIFT en de gewenste letter tegelijk indrukken.<\/p>\n","protected":false},"excerpt":{"rendered":"<p>Hoe krijg ik die &#8220;puntjes&#8221; (Umlaute ) en die \u00df op mijn computer? Meestal werkt het volgende: \u00e4 = SHIFT en &#8221; tegelijk indrukken. Daarna loslaten en de a typen. \u00f6 = SHIFT en &#8221; tegelijk indrukken. Daarna loslaten en<\/p>\n","protected":false},"author":1,"featured_media":0,"parent":0,"menu_order":0,"comment_status":"closed","ping_status":"closed","template":"","meta":{"jetpack_post_was_ever_published":false},"jetpack_sharing_enabled":true,"jetpack_shortlink":"https:\/\/wp.me\/P94ePm-6J","jetpack-related-posts":[{"id":493,"url":"https:\/\/www.duits.de\/vaklokaal\/schreiben\/hoe-krijg-ik-die-uaos\/","url_meta":{"origin":417,"position":0},"title":"Hoe krijg ik die \u00fc\/\u00e4\/\u00f6\/\u00df?","date":"14. augustus 2017","format":false,"excerpt":"Hoe krijg ik die \"puntjes\" (Umlaute ) en die \u00df op mijn computer? Meestal werkt het volgende: \u00e4 = SHIFT en \" tegelijk indrukken. Daarna loslaten en de a typen. \u00f6 = SHIFT en \" tegelijk indrukken. Daarna loslaten en de o typen. \u00fc = SHIFT en \" tegelijk indrukken.\u2026","rel":"","context":"Soortgelijk bericht","img":{"alt_text":"","src":"","width":0,"height":0},"classes":[]},{"id":49,"url":"https:\/\/www.duits.de\/vaklokaal\/schreiben\/","url_meta":{"origin":417,"position":1},"title":"SCHREIBEN","date":"12. augustus 2017","format":false,"excerpt":"Brieven en e-mails Hoe goed is Google Translate? Hoe krijg ik \u00fc\/\u00e4\/\u00f6\/\u00df? Klikbrief","rel":"","context":"Soortgelijk bericht","img":{"alt_text":"","src":"","width":0,"height":0},"classes":[]},{"id":4,"url":"https:\/\/www.duits.de\/vaklokaal\/sprechen\/uitspraak\/","url_meta":{"origin":417,"position":2},"title":"Uitspraak oefenen","date":"11. juli 2017","format":false,"excerpt":"De Duitse uitspraak is voor ons Nederlanders niet zo moeilijk.\u00a0Als je op een paar dingen let - en als je er aan gewend bent - spreek je al snel prima Duits!\u00a0Doe er wel je best op, want als je telkens weer opvallende fouten maakt, leidt dat je gesprekspartner natuurlijk nogal\u2026","rel":"","context":"Soortgelijk bericht","img":{"alt_text":"","src":"","width":0,"height":0},"classes":[]},{"id":702,"url":"https:\/\/www.duits.de\/vaklokaal\/grammatica\/naamvallen\/der-groep\/","url_meta":{"origin":417,"position":3},"title":"DER-groep","date":"15. augustus 2017","format":false,"excerpt":"DER-groep schema DER-groep voorbeeldzinnen met uitleg des Lands of des Landes? : -s of -es in de 2e\u00a0naamval? Schema DER-groep m mannelijk v vrouwelijk o onzijdig mv meervoud 1 HIJ onderwerp nominatief der Mann die Frau das Kind die Kinder 2 VAN bezit genitief des Mannes der Frau des Kindes\u2026","rel":"","context":"Soortgelijk bericht","img":{"alt_text":"","src":"","width":0,"height":0},"classes":[]},{"id":706,"url":"https:\/\/www.duits.de\/vaklokaal\/grammatica\/naamvallen\/ein-groep\/","url_meta":{"origin":417,"position":4},"title":"EIN-groep","date":"15. augustus 2017","format":false,"excerpt":"EIN-groep schema EIN-groep voorbeeldzinnen met uitleg eines Landes of eines Lands? -s of -es in de tweede\u00a0naamval? Schema EIN-groep m mannelijk v vrouwelijk o onzijdig mv meervoud 1 HIJ onderwerp nominatief ein Mann eine Frau ein Kind keine Kinder 2 VAN bezit genitief eines Mannes einer Frau eines Kindes keiner\u2026","rel":"","context":"Soortgelijk bericht","img":{"alt_text":"","src":"","width":0,"height":0},"classes":[]},{"id":403,"url":"https:\/\/www.duits.de\/vaklokaal\/landeskunde\/berlijnse-muur\/","url_meta":{"origin":417,"position":5},"title":"Berlijnse muur","date":"13. augustus 2017","format":false,"excerpt":"Als je in Berlijn bent kun je makkelijk door heel de stad reizen. De Berlijners houden zich er in hun dagelijks leven niet mee bezig of ze nu toevallig in oost- of west-Berlijn wonen of werken. Dat was tot 1989 onmogelijk. Van de ene op de andere dag in augustus\u2026","rel":"","context":"Soortgelijk bericht","img":{"alt_text":"","src":"https:\/\/i0.wp.com\/www.duits.de\/vaklokaal\/wp-content\/uploads\/2017\/08\/berlijnsemuur.jpg?resize=350%2C200&ssl=1","width":350,"height":200},"classes":[]}],"_links":{"self":[{"href":"https:\/\/www.duits.de\/vaklokaal\/wp-json\/wp\/v2\/pages\/417"}],"collection":[{"href":"https:\/\/www.duits.de\/vaklokaal\/wp-json\/wp\/v2\/pages"}],"about":[{"href":"https:\/\/www.duits.de\/vaklokaal\/wp-json\/wp\/v2\/types\/page"}],"author":[{"embeddable":true,"href":"https:\/\/www.duits.de\/vaklokaal\/wp-json\/wp\/v2\/users\/1"}],"replies":[{"embeddable":true,"href":"https:\/\/www.duits.de\/vaklokaal\/wp-json\/wp\/v2\/comments?post=417"}],"version-history":[{"count":2,"href":"https:\/\/www.duits.de\/vaklokaal\/wp-json\/wp\/v2\/pages\/417\/revisions"}],"predecessor-version":[{"id":2345,"href":"https:\/\/www.duits.de\/vaklokaal\/wp-json\/wp\/v2\/pages\/417\/revisions\/2345"}],"wp:attachment":[{"href":"https:\/\/www.duits.de\/vaklokaal\/wp-json\/wp\/v2\/media?parent=417"}],"curies":[{"name":"wp","href":"https:\/\/api.w.org\/{rel}","templated":true}]}}