{"id":359,"date":"2017-08-13T13:13:25","date_gmt":"2017-08-13T11:13:25","guid":{"rendered":"https:\/\/www.duits.de\/vaklokaal\/?page_id=359"},"modified":"2017-08-13T17:59:35","modified_gmt":"2017-08-13T15:59:35","slug":"aldi-en-lidl","status":"publish","type":"page","link":"https:\/\/www.duits.de\/vaklokaal\/landeskunde\/aldi-en-lidl\/","title":{"rendered":"ALDI en LIDL"},"content":{"rendered":"<h4>Waarom hebben winkels als de ALDI of de LIDL zo veel succes wereldwijd? Bontjas, jeans, hoofddoek of hoed: in de discounters komt elke Duitser wel. Een blik achter de schermen van fantasiemerknamen, lage prijzen en het wereldwijde imperium van de steenrijke broers Albrecht zelf, de oprichters en eigenaars van de ALDI.<\/h4>\n<p><img data-attachment-id=\"360\" data-permalink=\"https:\/\/www.duits.de\/vaklokaal\/landeskunde\/aldi-en-lidl\/lidlald\/\" data-orig-file=\"https:\/\/i0.wp.com\/www.duits.de\/vaklokaal\/wp-content\/uploads\/2017\/08\/lidlald.jpg?fit=525%2C295&amp;ssl=1\" data-orig-size=\"525,295\" data-comments-opened=\"1\" data-image-meta=\"{&quot;aperture&quot;:&quot;0&quot;,&quot;credit&quot;:&quot;&quot;,&quot;camera&quot;:&quot;&quot;,&quot;caption&quot;:&quot;&quot;,&quot;created_timestamp&quot;:&quot;0&quot;,&quot;copyright&quot;:&quot;&quot;,&quot;focal_length&quot;:&quot;0&quot;,&quot;iso&quot;:&quot;0&quot;,&quot;shutter_speed&quot;:&quot;0&quot;,&quot;title&quot;:&quot;&quot;,&quot;orientation&quot;:&quot;0&quot;}\" data-image-title=\"lidlald\" data-image-description=\"\" data-image-caption=\"\" data-medium-file=\"https:\/\/i0.wp.com\/www.duits.de\/vaklokaal\/wp-content\/uploads\/2017\/08\/lidlald.jpg?fit=300%2C169&amp;ssl=1\" data-large-file=\"https:\/\/i0.wp.com\/www.duits.de\/vaklokaal\/wp-content\/uploads\/2017\/08\/lidlald.jpg?fit=525%2C295&amp;ssl=1\" loading=\"lazy\" class=\"size-full wp-image-360 alignnone\" src=\"https:\/\/i0.wp.com\/www.duits.de\/vaklokaal\/wp-content\/uploads\/2017\/08\/lidlald.jpg?resize=525%2C295&#038;ssl=1\" alt=\"\" width=\"525\" height=\"295\" srcset=\"https:\/\/i0.wp.com\/www.duits.de\/vaklokaal\/wp-content\/uploads\/2017\/08\/lidlald.jpg?w=525&amp;ssl=1 525w, https:\/\/i0.wp.com\/www.duits.de\/vaklokaal\/wp-content\/uploads\/2017\/08\/lidlald.jpg?resize=300%2C169&amp;ssl=1 300w\" sizes=\"(max-width: 525px) 100vw, 525px\" data-recalc-dims=\"1\" \/><\/p>\n<h4>Hoe ALDI begon<\/h4>\n<p>Na de Tweede Wereldoorlog nemen de broers Karl en Theo Albrecht gezamenlijk de levensmiddelenzaak van hun ouders in de West-Duitse stad Essen over. En met succes: in 1960 hadden ze met hun supermarkten al 330 filialen door heel Duitsland. Supermarkten bestonden op dat moment nog niet zo lang. In 1962 ontstond door toedoen van Karl de eerste supermarkt in het gebied van Aldi Nord volgens de Discount-formule, de ALDI-Markt. De naam komt dan ook van <strong>AL<\/strong>brecht <strong>DI<\/strong>scounter. Theo nam voor zijn de winkels in het Zuiden het concept over, omdat het al snel een succes werd.<\/p>\n<p><strong>ALDI Nord en Aldi S\u00fcd<\/strong><\/p>\n<p>Een jaar later delen de broers Aldi in twee stukken. Er zijn vermoedens over de reden: Ze zouden ruzie hebben gekregen over het wel of niet gaan verkopen van tabaksartikelen. Theo leidde sindsdien de 2276 filialen in het Noorden, Karl deed<em> Aldi S\u00fcd<\/em>, goed voor 1302 filialen.<\/p>\n<p>Zo\u2019n 85% van alle Duitsers kopen regelmatig bij ALDI. De producten gelden als goed en goedkoop. Experts schatten de omzet op zo\u2019n 83 miljard Euro, 7 miljard meer dan de grootste concurrent LIDL. Bijna 40% van alle levensmiddelen wordt in Duitsland bij discounters als ALDI en LIDL gekocht. Dat is Europees gezien een heel hoog marktaandeel.<\/p>\n<p><img data-attachment-id=\"363\" data-permalink=\"https:\/\/www.duits.de\/vaklokaal\/landeskunde\/aldi-en-lidl\/aldi_winkels\/\" data-orig-file=\"https:\/\/i0.wp.com\/www.duits.de\/vaklokaal\/wp-content\/uploads\/2017\/08\/aldi_winkels.jpg?fit=400%2C732&amp;ssl=1\" data-orig-size=\"400,732\" data-comments-opened=\"1\" data-image-meta=\"{&quot;aperture&quot;:&quot;0&quot;,&quot;credit&quot;:&quot;&quot;,&quot;camera&quot;:&quot;&quot;,&quot;caption&quot;:&quot;&quot;,&quot;created_timestamp&quot;:&quot;0&quot;,&quot;copyright&quot;:&quot;&quot;,&quot;focal_length&quot;:&quot;0&quot;,&quot;iso&quot;:&quot;0&quot;,&quot;shutter_speed&quot;:&quot;0&quot;,&quot;title&quot;:&quot;&quot;,&quot;orientation&quot;:&quot;0&quot;}\" data-image-title=\"aldi_winkels\" data-image-description=\"\" data-image-caption=\"\" data-medium-file=\"https:\/\/i0.wp.com\/www.duits.de\/vaklokaal\/wp-content\/uploads\/2017\/08\/aldi_winkels.jpg?fit=164%2C300&amp;ssl=1\" data-large-file=\"https:\/\/i0.wp.com\/www.duits.de\/vaklokaal\/wp-content\/uploads\/2017\/08\/aldi_winkels.jpg?fit=400%2C732&amp;ssl=1\" loading=\"lazy\" class=\"size-full wp-image-363 alignnone\" src=\"https:\/\/i0.wp.com\/www.duits.de\/vaklokaal\/wp-content\/uploads\/2017\/08\/aldi_winkels.jpg?resize=400%2C732&#038;ssl=1\" alt=\"\" width=\"400\" height=\"732\" srcset=\"https:\/\/i0.wp.com\/www.duits.de\/vaklokaal\/wp-content\/uploads\/2017\/08\/aldi_winkels.jpg?w=400&amp;ssl=1 400w, https:\/\/i0.wp.com\/www.duits.de\/vaklokaal\/wp-content\/uploads\/2017\/08\/aldi_winkels.jpg?resize=164%2C300&amp;ssl=1 164w\" sizes=\"(max-width: 400px) 100vw, 400px\" data-recalc-dims=\"1\" \/><\/p>\n<p>&nbsp;<\/p>\n<p><strong>\u201cDagobert Ducks\u201d<\/strong><\/p>\n<p>De creatieve zuinigheid van de broers is inmiddels bij iedereen bekend. De winkels kennen geen enkele franje, zoals vlaggen (die waaien kapot en moet je dan vervangen), klantenacties enz. De nieuwere filialen worden meteen zo gebouwd dat de vorkheftruck de pallets met dozen rechtstreeks op hun plek in de winkel kan rijden. De omzet per maand is dan ook volgens ingewijden per maand en per medewerker 10 keer hoger dan de concurrent. In 2015 wordt de omzet geschat op 68 miljard Euro.<\/p>\n<p><strong>De discounters-succesformule<\/strong><\/p>\n<ul>\n<li>Kostenbesparingen en kwaliteit van de producten hoogste prioriteit<br \/>\nHoewel de fantasienamen van de vele eigen merken een beetje sullig overkomen, onderzoekt en test ALDI streng de kwaliteit van de producten. Regelmatig bereiken ALDI-producten goede testresultaten in consumententests.<\/li>\n<li>Er wordt bezuinigd waar het maar kan:<br \/>\nALDI heeft de meest eenvoudige winkelinrichting (\u201czelf de doos openscheuren graag\u2026\u201d) en een minimum aan personeel.<\/li>\n<li>Klein assortiment:<br \/>\nALDI-winkels hebben maar zo\u2019n 1000 producten. Andere supermarkten vele duizenden.<\/li>\n<li>Absolute geheimhouding:<br \/>\nAldi doet geen of anders alleen volgens het wettelijke minimum mededelingen over filialen, omzet, winsten, inkoop, leveranciers, personeelsbeleid enz. Speciaal met dat doel bestaat ALDI uit een enorm aantal regionale en plaatselijke BV\u2019s en ten minste twee stichtingen. Het concern heeft geen afdeling persvoorlichting en de eigenaren schuwen elke publiciteit.<\/li>\n<li>Keiharde onderhandelingen met leveranciers en fabrikanten<br \/>\nGrote en bekende fabrikanten leveren vaak anoniem aan ALDI met grote kortingen. Kleine ondernemingen zijn soms volledig afhankelijk van ALDI, omdat ALDI enorme hoeveelheden tegelijk inkoopt en de prijzen kan bepalen.<\/li>\n<li>Eigen merken, die alleen bij ALDI te koop zijn<\/li>\n<\/ul>\n<p><strong>ALDI wereldwijd<\/strong><\/p>\n<p>In Amerika is Aldi sinds 1976 actief. De 600 Box Stores (\u201cdozen winkels\u201d) <em>Benner Tea<\/em> van Aldi-S\u00fcd leveren een jaarlijkse miljardenomzet op. En ook Aldi-Nord is met de winkels van<em> Trader Joe\u2019s<\/em> van de partij. Aldi is inmddels actief met 5000 filialen op drie continenten. Wereldwijd zou ALDI op plaats twaalf komen van alle grote supermarkten. De grootste critici hebben vaak het nazien: met een uitgesproken anti-service winkel speelt ALDI in op de klanten die alleen een goedkoop product willen en verder niets. Sinds 2017 zit ALDI ook in China. Het eerst filiaal opende in Shanghai. <a href=\"http:\/\/www.deutschlandfunk.de\/erste-aldi-filiale-in-china-chic-statt-billig.1773.de.html?dram:article_id=384639\" target=\"_blank\" rel=\"noopener\">Zie artikel.<\/a><\/p>\n<p><img data-attachment-id=\"366\" data-permalink=\"https:\/\/www.duits.de\/vaklokaal\/landeskunde\/aldi-en-lidl\/britse-aldi2\/\" data-orig-file=\"https:\/\/i0.wp.com\/www.duits.de\/vaklokaal\/wp-content\/uploads\/2017\/08\/britse-aldi2.jpg?fit=525%2C350&amp;ssl=1\" data-orig-size=\"525,350\" data-comments-opened=\"1\" data-image-meta=\"{&quot;aperture&quot;:&quot;0&quot;,&quot;credit&quot;:&quot;&quot;,&quot;camera&quot;:&quot;&quot;,&quot;caption&quot;:&quot;&quot;,&quot;created_timestamp&quot;:&quot;0&quot;,&quot;copyright&quot;:&quot;&quot;,&quot;focal_length&quot;:&quot;0&quot;,&quot;iso&quot;:&quot;0&quot;,&quot;shutter_speed&quot;:&quot;0&quot;,&quot;title&quot;:&quot;&quot;,&quot;orientation&quot;:&quot;1&quot;}\" data-image-title=\"britse-aldi2\" data-image-description=\"\" data-image-caption=\"\" data-medium-file=\"https:\/\/i0.wp.com\/www.duits.de\/vaklokaal\/wp-content\/uploads\/2017\/08\/britse-aldi2.jpg?fit=300%2C200&amp;ssl=1\" data-large-file=\"https:\/\/i0.wp.com\/www.duits.de\/vaklokaal\/wp-content\/uploads\/2017\/08\/britse-aldi2.jpg?fit=525%2C350&amp;ssl=1\" loading=\"lazy\" class=\"size-full wp-image-366 alignnone\" src=\"https:\/\/i0.wp.com\/www.duits.de\/vaklokaal\/wp-content\/uploads\/2017\/08\/britse-aldi2.jpg?resize=525%2C350&#038;ssl=1\" alt=\"\" width=\"525\" height=\"350\" srcset=\"https:\/\/i0.wp.com\/www.duits.de\/vaklokaal\/wp-content\/uploads\/2017\/08\/britse-aldi2.jpg?w=525&amp;ssl=1 525w, https:\/\/i0.wp.com\/www.duits.de\/vaklokaal\/wp-content\/uploads\/2017\/08\/britse-aldi2.jpg?resize=300%2C200&amp;ssl=1 300w\" sizes=\"(max-width: 525px) 100vw, 525px\" data-recalc-dims=\"1\" \/><\/p>\n<p><strong>Ontvoering<\/strong><\/p>\n<p>Theo Albrecht, een van de beide chefs van het Duitse levensmiddelenconcern Aldi, was jarenlang de rijkste Europeaan. De Duitse zakenman beschikte volgens het Britse magazine EuroBusiness in 1999 over ca. 22 miljard Mark [=11 Miljard Euro]. In 1979 werd Theo Albrecht ontvoerd. Volgens de overlevering wilden de ontvoerders eerst zijn identiteitskaart zien, omdat ze gezien zijn sjofele pak niet konden geloven dat ze werkelijk een van de ALDI-bazen voor zich hadden. 7 miljoen Mark (zo\u2019n 3,5 miljoen Euro) losgeld eisten de daders en kregen die ook. Ze werden echter gepakt en in 1983 tot 8,5 jaar celstraf veroordeeld.<\/p>\n<p>Tot in de jaren 80 werkten de broers intensief samen, maar de laatste jaren beperkte zich de samenwerking tot gezamenlijke inkoop en onderhandelingen met leveranciers, zo bericht de Duitse pers. De winkels van ALDI S\u00fcd doen het duidelijk beter, zijn moderner, groter en hebben een betere ligging (meer parkeerplaatsen), meestal aan de rand van de stad.\u00a0Na het overlijden van Theo en Karl zijn de aandelen binnen de families verdeeld, maar daarover is niet veel bekend.<\/p>\n<p><strong>Winkelen bij ALDI\u2026<\/strong><\/p>\n<p>ALDI heeft inmiddels een cultstatus verworven onder de echte aanbiedingsjagers. Zij nemen de troosteloze winkelsfeer met een magazijnsfeer, tussen dozen en onder kaal TL-licht, graag op de koop toe.<\/p>\n<p>Behalve het genadeloos goedkope assortiment levensmiddelen komt ALDI regelmatig met non-food aanbiedingen, die door de massale inkoop onwaarschijnlijk veel goedkoper zijn dan in andere winkels. In Duitsland slaan heel wat mensen de wekelijkse ALDI-advertentie (\u201cALDI informiert\u201c) als eerste op in de krant en stappen meteen in de auto, voordat bijv. die handige elektrische grasmaaiers op zijn. Beroemd werd ALDI pas echt met zijn computer. Een \u201ccomputer bij ALDI kopen\u201d stond op dat moment voor de totale ondergang van elk gevoel voor kwaliteit en smaak. De eerste ALDI-computer bewees echter al het tegendeel: hij was \u00e8n modern \u00e8n erg compleet \u00e8n hij ging niet sneller stuk dan die dure merkcomputer\u2026 En ALDI maakte ook furore met duurdere producten: opeens had ALDI bijvoorbeeld ook goedkope champagne en olijfolie.<\/p>\n<p>Ieder jaar komen de aanbiedingen terug in het passende seizoen daarvoor: Bijv. in april alles voor de fiets: pompen, zadels, reparatiedoosje om banden te plakken en de beroemde spuitolie waar iedereen die een fiets heeft op zit te wachten. Dan sta je \u2018s morgens om half 9 netjes in de rij te wachten totdat de Aldi opengaat. Op het werk is het ook dikwijls al afgesproken wie er die week dit of dat bij Aldi gaat halen, aanbiedingen dus, en kan er niemand weg? Dan worden werkloze vrienden gebeld of de oma\u00b4s er op uit gestuurd. (\u201cen vergeet niet het reklame blaadje voor de volgende week mee te brengen!!\u201d)<\/p>\n<p><strong>Concurrentie<\/strong><\/p>\n<p>Na een snelle groei staat Duitsland \u201cvol\u201d met discounters als Aldi en concurrent Lidl. Het wordt moeilijker voor dit soort discounter-bedrijven, want de winst zit hem in een paar cent per product. Het gaat dus vooral om het verkopen van grote hoeveelheden. De andere goedkope supermarkten winnen terrein terug door nu ook goedkope non-food aanbiedingen te doen met computers, pannensets, automatten, doe het zelf artikelen, kinderspeelgoed enz. Verder heerst er een regelrechte prijzenoorlog. Ook zijn er meer klanten gekomen die toch liever de A-merken kopen.<\/p>\n<p><strong>Kritiek<\/strong><\/p>\n<p>De keiharde omgang met hun leveranciers &#8211; die tot grote kortingen gedwongen worden &#8211; en de wel erg zakelijke houding om met het personeel om te gaan (ALDI houdt niet van vakbonden) zorgt ervoor dat ALDI op die gebieden geen goede naam heeft.<\/p>\n<p><strong>ALDI documentaire op YouTube<\/strong><\/p>\n<p><iframe loading=\"lazy\" src=\"https:\/\/www.youtube.com\/embed\/W1RLEpDHm9o\" width=\"560\" height=\"315\" frameborder=\"0\" allowfullscreen=\"allowfullscreen\"><\/iframe><\/p>\n<p><strong>LIDL documentaire op YouTube<\/strong><\/p>\n<p><iframe loading=\"lazy\" src=\"https:\/\/www.youtube.com\/embed\/wN_QFA1lS1Y\" width=\"560\" height=\"315\" frameborder=\"0\" allowfullscreen=\"allowfullscreen\"><\/iframe><\/p>\n","protected":false},"excerpt":{"rendered":"<p>Waarom hebben winkels als de ALDI of de LIDL zo veel succes wereldwijd? Bontjas, jeans, hoofddoek of hoed: in de discounters komt elke Duitser wel. Een blik achter de schermen van fantasiemerknamen, lage prijzen en het wereldwijde imperium van de<\/p>\n","protected":false},"author":1,"featured_media":0,"parent":40,"menu_order":0,"comment_status":"closed","ping_status":"closed","template":"","meta":{"jetpack_post_was_ever_published":false},"jetpack_sharing_enabled":true,"jetpack_shortlink":"https:\/\/wp.me\/P94ePm-5N","jetpack-related-posts":[{"id":248,"url":"https:\/\/www.duits.de\/vaklokaal\/sprechen\/basis-spreekzinnen\/","url_meta":{"origin":359,"position":0},"title":"Basis spreekzinnen","date":"12. augustus 2017","format":false,"excerpt":"Hier kun je met de handigste en meest voorkomende eenvoudige zinnen oefenen. Zo kun je je jezelf overhoren: Houd je muis stil op de zin, dan zie je de Duitse vertaling! Bedenk eerst voor jezelf het antwoord, zeg het hardop Controleer dan pas of je het goed had! Schrijf de\u2026","rel":"","context":"Soortgelijk bericht","img":{"alt_text":"","src":"","width":0,"height":0},"classes":[]},{"id":147,"url":"https:\/\/www.duits.de\/vaklokaal\/film\/","url_meta":{"origin":359,"position":1},"title":"FILM","date":"12. augustus 2017","format":false,"excerpt":"Op zoek naar een Duitse film? Op veel scholen kun je Duitse films uitlenen in de mediatheek. Geen idee wat er allemaal is? Misschien vind je op deze pagina een goede film! TIP: Heb je iets met film? Bekijk hier de SPECIAL: Geschiedenis van de Duitse film \u00a0 \u00a0 Wat\u2026","rel":"","context":"Soortgelijk bericht","img":{"alt_text":"","src":"","width":0,"height":0},"classes":[]},{"id":695,"url":"https:\/\/www.duits.de\/vaklokaal\/grammatica\/naamvallen\/wanneer-welke-naamval\/","url_meta":{"origin":359,"position":2},"title":"Wanneer welke naamval?","date":"15. augustus 2017","format":false,"excerpt":"Wanneer krijg je welke naamval? 1e naamval 2e naamval 3e naamval 4e naamval Nominativ Genitiv Dativ Akkusativ HIJ VAN AAN HEM 1e naamval\u00a0 het onderwerp (Dat is het antwoord op de vraag wie\/wat + gezegde)\u00a0 het naamwoordelijk deel van het gezegde: Het naamwoordelijk deel v.h. gezegde kun je vaak verwachten\u2026","rel":"","context":"Soortgelijk bericht","img":{"alt_text":"","src":"","width":0,"height":0},"classes":[]},{"id":945,"url":"https:\/\/www.duits.de\/vaklokaal\/landeskunde\/special-duitse-filmgeschiedenis\/","url_meta":{"origin":359,"position":3},"title":"SPECIAL Duitse filmgeschiedenis","date":"18. augustus 2017","format":false,"excerpt":"De Duitse film toen en nu Hoe het allemaal begon: de film als kermisattractie Van filmpjes naar films: de speelfilmindustrie ontstaat Internationaal succes: de expressionistische film (1919-1924) In dienst van de F\u00fchrer - film tijdens het nationaal-socialisme (1933-1945) Tr\u00fcmmerfilm en film als kunst (1945-1980) Film in de DDR (1949-1989) De\u2026","rel":"","context":"Soortgelijk bericht","img":{"alt_text":"","src":"https:\/\/i0.wp.com\/www.duits.de\/vaklokaal\/wp-content\/uploads\/2017\/08\/kulisse-berliner-strasse.jpg?resize=350%2C200&ssl=1","width":350,"height":200},"classes":[]},{"id":646,"url":"https:\/\/www.duits.de\/vaklokaal\/grammatica\/werkwoorden\/sterke-werkwoorden\/","url_meta":{"origin":359,"position":4},"title":"Sterke werkwoorden","date":"15. augustus 2017","format":false,"excerpt":"Sterke werkwoorden tegenwoordige | verleden tijd voltooid deelwoord gebiedende wijs Sterke werkwoorden: tegenwoordige tijd A standaard: dezelfde uitgangen als het zwakke werkwoord in de tegenwoordige tijd maar... B een a in de stam wordt \u00e4 bij du\/er\/sie\/es: voorbeeld: laufen [= lopen, rennen] ich du er\/sie\/es wir ihr sie\/Sie laufe l\u00e4ufst\u2026","rel":"","context":"Soortgelijk bericht","img":{"alt_text":"","src":"","width":0,"height":0},"classes":[]},{"id":725,"url":"https:\/\/www.duits.de\/vaklokaal\/grammatica\/naamvallen\/bijzonderheden-naamvallen\/","url_meta":{"origin":359,"position":5},"title":"Bijzonderheden naamvallen","date":"15. augustus 2017","format":false,"excerpt":"Bijzonderheden naamvallen 7 x (e)n-woorden het gebruik van welche zelfstandig gebruik van woorden van de EIN-groep uitgang achter viel en wenig of niet? 7 x (e)n-woorden Sommige mannelijke zelfstandige naamwoorden krijgen bijna altijd een\u00a0-n of -en als uitgang. Omdat je hieronder\u00a0in het voorbeeldschema samen 7 keer -n ziet staan noemen\u2026","rel":"","context":"Soortgelijk bericht","img":{"alt_text":"","src":"","width":0,"height":0},"classes":[]}],"_links":{"self":[{"href":"https:\/\/www.duits.de\/vaklokaal\/wp-json\/wp\/v2\/pages\/359"}],"collection":[{"href":"https:\/\/www.duits.de\/vaklokaal\/wp-json\/wp\/v2\/pages"}],"about":[{"href":"https:\/\/www.duits.de\/vaklokaal\/wp-json\/wp\/v2\/types\/page"}],"author":[{"embeddable":true,"href":"https:\/\/www.duits.de\/vaklokaal\/wp-json\/wp\/v2\/users\/1"}],"replies":[{"embeddable":true,"href":"https:\/\/www.duits.de\/vaklokaal\/wp-json\/wp\/v2\/comments?post=359"}],"version-history":[{"count":8,"href":"https:\/\/www.duits.de\/vaklokaal\/wp-json\/wp\/v2\/pages\/359\/revisions"}],"predecessor-version":[{"id":410,"href":"https:\/\/www.duits.de\/vaklokaal\/wp-json\/wp\/v2\/pages\/359\/revisions\/410"}],"up":[{"embeddable":true,"href":"https:\/\/www.duits.de\/vaklokaal\/wp-json\/wp\/v2\/pages\/40"}],"wp:attachment":[{"href":"https:\/\/www.duits.de\/vaklokaal\/wp-json\/wp\/v2\/media?parent=359"}],"curies":[{"name":"wp","href":"https:\/\/api.w.org\/{rel}","templated":true}]}}