{"id":269,"date":"2017-08-12T22:38:59","date_gmt":"2017-08-12T20:38:59","guid":{"rendered":"https:\/\/www.duits.de\/vaklokaal\/?page_id=269"},"modified":"2017-08-12T22:52:38","modified_gmt":"2017-08-12T20:52:38","slug":"spreekbeurtzinnen","status":"publish","type":"page","link":"https:\/\/www.duits.de\/vaklokaal\/sprechen\/spreekbeurtzinnen\/","title":{"rendered":"Spreekbeurtzinnen"},"content":{"rendered":"<p><strong>Als je een spreekbeurt geeft gebruik je vaak van die standaardzinnetjes, zoals: &#8220;Mijn presentatie gaat over&#8221; en &#8220;Ik wil eerst iets vertellen over&#8221;. Hier kun je met die zinnen oefenen.<\/strong><\/p>\n<h4 align=\"left\">Zo kun je je jezelf overhoren:<\/h4>\n<ul>\n<li style=\"text-align: left;\"><strong>Houd je muis<\/strong> <b>stil op de zin<\/b>, dan zie je de Duitse vertaling!<\/li>\n<li style=\"text-align: left;\">Bedenk eerst voor jezelf het antwoord, zeg het hardop<\/li>\n<li style=\"text-align: left;\">Controleer dan pas of je het goed had!<\/li>\n<li style=\"text-align: left;\">Schrijf de zinnen op een blaadje, die je het moeilijkst vindt en herhaal\u00a0ze!<\/li>\n<\/ul>\n<h4 align=\"left\">Het begin van je presentatie\/spreekbeurt<\/h4>\n<ul>\n<li style=\"text-align: left;\"><a title=\"Meine Pr\u00e4sentation | Mein Vortrag handelt von...\" href=\"spreekbeurtzinnen\">Mijn presentatie\u00a0| spreekbeurt gaat over&#8230;.<\/a><\/li>\n<li style=\"text-align: left;\"><a title=\"Ich habe als Thema f\u00fcr meine Pr\u00e4sentation ... gew\u00e4hlt\" href=\"spreekbeurtzinnen\">Ik heb als onderwerp voor mijn presentatie &#8230;. gekozen<\/a><\/li>\n<li style=\"text-align: left;\"><a title=\"Das Thema fand ich Interessant, weil ...\" href=\"spreekbeurtzinnen\">Het\u00a0onderwerp vond ik interessant omdat&#8230;<\/a><\/li>\n<li style=\"text-align: left;\"><a title=\"K\u00f6nnt ihr mich gut verstehen?\" href=\"spreekbeurtzinnen\">Kunnen jullie mij goed verstaan?<\/a><\/li>\n<li style=\"text-align: left;\"><a title=\"Ich m\u00f6chte euch etwas erz\u00e4hlen \u00fcber...\" href=\"spreekbeurtzinnen\">Ik wil jullie iets vertellen over<\/a><\/li>\n<li style=\"text-align: left;\"><a title=\"Ich werde auch .... ansprechen\" href=\"spreekbeurtzinnen\">Ik zal het ook hebben over\u00a0<\/a><\/li>\n<li style=\"text-align: left;\"><a title=\"Ich habe mich beschr\u00e4nkt auf ...\" href=\"spreekbeurtzinnen\">Ik heb mij beperkt tot &#8230;<\/a><\/li>\n<li style=\"text-align: left;\"><a title=\"Wenn ihr Fragen habt, dann stellt sie ruhig zwischendurch\" href=\"spreekbeurtzinnen\">Als\u00a0jullie vragen hebben, stel ze dan gerust tussendoor<\/a><\/li>\n<li style=\"text-align: left;\"><a title=\"Moment, das schreibe ich an die Tafel...\" href=\"spreekbeurtzinnen\">Ogenblikje, dat\u00a0zal ik op het bord schrijven<\/a><\/li>\n<\/ul>\n<h4 style=\"text-align: left;\" align=\"left\">Overzicht geven<\/h4>\n<ul style=\"text-align: left;\">\n<li><a title=\"Zuerst m\u00f6chte ich etwas erz\u00e4hlen \u00fcber ...\" href=\"spreekbeurtzinnen\">Om te beginnen wil ik iets\u00a0vertellen over<\/a><\/li>\n<li><a title=\"... dann werde ich.... \" href=\"spreekbeurtzinnen\">Daarna zal ik <\/a>&#8230;\u00a0\u00a0<a title=\"zeigen\" href=\"spreekbeurtzinnen\">laten\u00a0zien<\/a><\/li>\n<li><a title=\"Zum Schluss werde ich...\" href=\"spreekbeurtzinnen\">Tot slot zal ik\u00a0<\/a><\/li>\n<li><a title=\"Kannst du das bitte weiterreichen?\" href=\"spreekbeurtzinnen\">Wil je dit even doorgeven?<\/a><\/li>\n<\/ul>\n<h4 style=\"text-align: left;\" align=\"left\">Afsluiten<\/h4>\n<ul>\n<li style=\"text-align: left;\"><a title=\"Das war's\" href=\"spreekbeurtzinnen\">Dat was het<\/a><\/li>\n<li style=\"text-align: left;\"><a title=\"Vielen Dank f\u00fcr eure Aufmerksamkeit\" href=\"spreekbeurtzinnen\">Bedankt voor\u00a0jullie aandacht<\/a><\/li>\n<li style=\"text-align: left;\"><a title=\"Gibt es noch Fragen?\" href=\"spreekbeurtzinnen\">Hebben jullie nog vragen?<\/a><\/li>\n<\/ul>\n","protected":false},"excerpt":{"rendered":"<p>Als je een spreekbeurt geeft gebruik je vaak van die standaardzinnetjes, zoals: &#8220;Mijn presentatie gaat over&#8221; en &#8220;Ik wil eerst iets vertellen over&#8221;. Hier kun je met die zinnen oefenen. Zo kun je je jezelf overhoren: Houd je muis stil<\/p>\n","protected":false},"author":1,"featured_media":0,"parent":265,"menu_order":0,"comment_status":"closed","ping_status":"closed","template":"","meta":{"jetpack_post_was_ever_published":false},"jetpack_sharing_enabled":true,"jetpack_shortlink":"https:\/\/wp.me\/P94ePm-4l","jetpack-related-posts":[{"id":265,"url":"https:\/\/www.duits.de\/vaklokaal\/sprechen\/","url_meta":{"origin":269,"position":0},"title":"SPRECHEN","date":"12. augustus 2017","format":false,"excerpt":"Hoe spreek je dat uit? Basis spreekzinnen Discussie en debatzinnen Presentatie voorbereiden Spreekbeurt zinnen Uitspraak oefenen Een plaatje beschrijven - zo doe je dat!","rel":"","context":"Soortgelijk bericht","img":{"alt_text":"","src":"","width":0,"height":0},"classes":[]},{"id":468,"url":"https:\/\/www.duits.de\/vaklokaal\/sprechen\/discussie-en-debat-zinnen\/","url_meta":{"origin":269,"position":1},"title":"Discussie en debat zinnen","date":"14. augustus 2017","format":false,"excerpt":"In de bovenbouw zul je ook wel eens een gesprek voeren over een stelling, of over een maatschappelijk onderwerp. Hier een aantal zinnen waarmee je je mening kunt geven in een gesprek. Zo kun je je jezelf overhoren: Houd je muis stil op de zin, dan zie je de Duitse\u2026","rel":"","context":"Soortgelijk bericht","img":{"alt_text":"","src":"","width":0,"height":0},"classes":[]},{"id":248,"url":"https:\/\/www.duits.de\/vaklokaal\/sprechen\/basis-spreekzinnen\/","url_meta":{"origin":269,"position":2},"title":"Basis spreekzinnen","date":"12. augustus 2017","format":false,"excerpt":"Hier kun je met de handigste en meest voorkomende eenvoudige zinnen oefenen. Zo kun je je jezelf overhoren: Houd je muis stil op de zin, dan zie je de Duitse vertaling! Bedenk eerst voor jezelf het antwoord, zeg het hardop Controleer dan pas of je het goed had! Schrijf de\u2026","rel":"","context":"Soortgelijk bericht","img":{"alt_text":"","src":"","width":0,"height":0},"classes":[]},{"id":466,"url":"https:\/\/www.duits.de\/vaklokaal\/sprechen\/presentatie-voorbereiden\/","url_meta":{"origin":269,"position":3},"title":"Presentatie voorbereiden","date":"14. augustus 2017","format":false,"excerpt":"Hoe bereid je een presentatie voor? Hier een paar tips Onderwerp bedenken \/ bronnen vinden Kies een onderwerp dat ECHT je belangstelling heeft. Kijk eens rond op deze site bij\u00a0Landeskunde Ga er over lezen en bekijk YouTube filmpjes VOORdat je je onderwerp vastlegt.\u00a0Kies je onderwerp niet te snel, \"om dan\u2026","rel":"","context":"Soortgelijk bericht","img":{"alt_text":"","src":"","width":0,"height":0},"classes":[]},{"id":448,"url":"https:\/\/www.duits.de\/vaklokaal\/horen\/tips-luistertoetsen\/","url_meta":{"origin":269,"position":4},"title":"TIPS luistertoetsen","date":"14. augustus 2017","format":false,"excerpt":"Luister naar het introductie-gedeelte.\u00a0 Luister naar het introductie-gedeelte.\u00a0Het bevat informatie waar je verderop in de toets iets aan hebt: informatie over het onderwerp zelf, wennen aan de stem, het eventuele accent van de spreker, wennen aan het spreektempo van de spreker. Concentreren op de kern Als je de antwoordopties doorleest:\u2026","rel":"","context":"Soortgelijk bericht","img":{"alt_text":"","src":"","width":0,"height":0},"classes":[]},{"id":450,"url":"https:\/\/www.duits.de\/vaklokaal\/lezen\/tips-eindexamen-lezen\/","url_meta":{"origin":269,"position":5},"title":"TIPS eindexamen lezen","date":"14. augustus 2017","format":false,"excerpt":"Maak oefenkilometers en oefen je concentratie Op www.examenblad.nl kun je oefenen met oude examens. Oefen op een manier die iets oplevert: Alleen als je bij elk verkeerd antwoord ECHT uitzoekt hoe het zit en vooral: hoe je naar het juiste antwoord kunt komen leer je er iets van. Oefen ook\u2026","rel":"","context":"Soortgelijk bericht","img":{"alt_text":"","src":"","width":0,"height":0},"classes":[]}],"_links":{"self":[{"href":"https:\/\/www.duits.de\/vaklokaal\/wp-json\/wp\/v2\/pages\/269"}],"collection":[{"href":"https:\/\/www.duits.de\/vaklokaal\/wp-json\/wp\/v2\/pages"}],"about":[{"href":"https:\/\/www.duits.de\/vaklokaal\/wp-json\/wp\/v2\/types\/page"}],"author":[{"embeddable":true,"href":"https:\/\/www.duits.de\/vaklokaal\/wp-json\/wp\/v2\/users\/1"}],"replies":[{"embeddable":true,"href":"https:\/\/www.duits.de\/vaklokaal\/wp-json\/wp\/v2\/comments?post=269"}],"version-history":[{"count":6,"href":"https:\/\/www.duits.de\/vaklokaal\/wp-json\/wp\/v2\/pages\/269\/revisions"}],"predecessor-version":[{"id":275,"href":"https:\/\/www.duits.de\/vaklokaal\/wp-json\/wp\/v2\/pages\/269\/revisions\/275"}],"up":[{"embeddable":true,"href":"https:\/\/www.duits.de\/vaklokaal\/wp-json\/wp\/v2\/pages\/265"}],"wp:attachment":[{"href":"https:\/\/www.duits.de\/vaklokaal\/wp-json\/wp\/v2\/media?parent=269"}],"curies":[{"name":"wp","href":"https:\/\/api.w.org\/{rel}","templated":true}]}}